{"id":7522,"date":"2023-05-12T06:20:52","date_gmt":"2023-05-12T03:20:52","guid":{"rendered":"https:\/\/anfra.fi\/?page_id=7522"},"modified":"2026-03-03T12:39:38","modified_gmt":"2026-03-03T10:39:38","slug":"riku-pitkala","status":"publish","type":"page","link":"https:\/\/anfra.fi\/en\/riku-pitkala\/","title":{"rendered":"Riku Pitk\u00e4l\u00e4"},"content":{"rendered":"<div data-elementor-type=\"wp-page\" data-elementor-id=\"7522\" class=\"elementor elementor-7522\" data-elementor-post-type=\"page\">\n\t\t\t\t\t\t<section class=\"elementor-section elementor-top-section elementor-element elementor-element-370b3caf elementor-section-height-min-height elementor-section-boxed elementor-section-height-default elementor-section-items-middle jltma-glass-effect-no\" data-id=\"370b3caf\" data-element_type=\"section\" data-e-type=\"section\">\n\t\t\t\t\t\t<div class=\"elementor-container elementor-column-gap-default\">\n\t\t\t\t\t<div class=\"elementor-column elementor-col-100 elementor-top-column elementor-element elementor-element-7e8b6a0f jltma-glass-effect-no\" data-id=\"7e8b6a0f\" data-element_type=\"column\" data-e-type=\"column\">\n\t\t\t<div class=\"elementor-widget-wrap elementor-element-populated\">\n\t\t\t\t\t\t<div class=\"elementor-element elementor-element-5d414ad3 jltma-glass-effect-no elementor-widget elementor-widget-text-editor\" data-id=\"5d414ad3\" data-element_type=\"widget\" data-e-type=\"widget\" data-widget_type=\"text-editor.default\">\n\t\t\t\t<div class=\"elementor-widget-container\">\n\t\t\t\t\t\t\t\t\t\n<figure class=\"wp-block-image alignleft size-full is-resized\"><img fetchpriority=\"high\" decoding=\"async\" class=\"alignnone wp-image-13487\" src=\"https:\/\/anfra.fi\/wp-content\/uploads\/2021\/05\/riku-pitkala-500x500.webp\" alt=\"\" width=\"300\" height=\"300\" srcset=\"https:\/\/anfra.fi\/wp-content\/uploads\/2021\/05\/riku-pitkala-500x500.webp 500w, https:\/\/anfra.fi\/wp-content\/uploads\/2021\/05\/riku-pitkala-1024x1024.webp 1024w, https:\/\/anfra.fi\/wp-content\/uploads\/2021\/05\/riku-pitkala-150x150.webp 150w, https:\/\/anfra.fi\/wp-content\/uploads\/2021\/05\/riku-pitkala-768x768.webp 768w, https:\/\/anfra.fi\/wp-content\/uploads\/2021\/05\/riku-pitkala-12x12.webp 12w, https:\/\/anfra.fi\/wp-content\/uploads\/2021\/05\/riku-pitkala.webp 1500w\" sizes=\"(max-width: 300px) 100vw, 300px\" \/><\/figure>\n\n<p>\u00a0<\/p>\n\n<h2 class=\"has-x-large-font-size\">Riku Pitk\u00e4l\u00e4<\/h2>\n\n<h3 class=\"has-medium-font-size\">Project sales<\/h3>\n\n<h6 class=\"has-vivid-red-color has-text-color\"><i class=\"fas fa-envelope\"><\/i> riku.pitkala@anfra.fi<\/h6>\n\n<h6 class=\"has-vivid-red-color has-text-color\"><i class=\"fas fa-phone\"><\/i> +358 40 553 7727<\/h6>\n\t\t\t\t\t\t\t\t<\/div>\n\t\t\t\t<\/div>\n\t\t<div class=\"elementor-element elementor-element-de0cf36 e-flex e-con-boxed jltma-glass-effect-no e-con e-parent\" data-id=\"de0cf36\" data-element_type=\"container\" data-e-type=\"container\">\n\t\t\t\t\t<div class=\"e-con-inner\">\n\t\t\t\t<div class=\"elementor-element elementor-element-c9d8e7f elementor-widget__width-initial jltma-glass-effect-no elementor-widget elementor-widget-shortcode\" data-id=\"c9d8e7f\" data-element_type=\"widget\" data-e-type=\"widget\" data-widget_type=\"shortcode.default\">\n\t\t\t\t<div class=\"elementor-widget-container\">\n\t\t\t\t\t\t\t<div class=\"elementor-shortcode\"><form data-min-no-for-search=\"1\" data-result-box-max-height=\"400\" data-form-id=\"7153\" class=\"is-search-form is-form-style is-form-style-2 is-form-id-7153 is-ajax-search\" action=\"https:\/\/anfra.fi\/en\/\" method=\"get\" role=\"search\" data-trp-original-action=\"https:\/\/anfra.fi\/en\/\" ><label for=\"is-search-input-7153\"><span class=\"is-screen-reader-text\">Search for:<\/span><input  type=\"search\" id=\"is-search-input-7153\" name=\"s\" value=\"\" class=\"is-search-input\" placeholder=\"Get other contact details...\" autocomplete=\"off\" \/><span class=\"is-loader-image\" style=\"display: none;background-image:url(https:\/\/anfra.fi\/wp-content\/plugins\/add-search-to-menu\/public\/images\/spinner.gif);\" ><\/span><\/label><input type=\"hidden\" name=\"id\" value=\"7153\" \/><input type=\"hidden\" name=\"trp-form-language\" value=\"en\"\/><\/form><\/div>\n\t\t\t\t\t\t<\/div>\n\t\t\t\t<\/div>\n\t\t\t\t<div class=\"elementor-element elementor-element-74a501b jltma-glass-effect-no elementor-widget elementor-widget-button\" data-id=\"74a501b\" data-element_type=\"widget\" data-e-type=\"widget\" data-widget_type=\"button.default\">\n\t\t\t\t<div class=\"elementor-widget-container\">\n\t\t\t\t\t\t\t\t\t<div class=\"elementor-button-wrapper\">\n\t\t\t\t\t<a class=\"elementor-button elementor-button-link elementor-size-xs\" href=\"http:\/\/anfra.fi\/en\/contacts\/\">\n\t\t\t\t\t\t<span class=\"elementor-button-content-wrapper\">\n\t\t\t\t\t\t\t\t\t<span class=\"elementor-button-text\">All contact details<\/span>\n\t\t\t\t\t<\/span>\n\t\t\t\t\t<\/a>\n\t\t\t\t<\/div>\n\t\t\t\t\t\t\t\t<\/div>\n\t\t\t\t<\/div>\n\t\t\t\t\t<\/div>\n\t\t\t\t<\/div>\n\t\t\t\t\t<\/div>\n\t\t<\/div>\n\t\t\t\t\t<\/div>\n\t\t<\/section>\n\t\t\t\t<\/div>","protected":false},"excerpt":{"rendered":"<p>Projektimyynti | +358 40 553 7727 | riku.pitkala@anfra.fi<\/p>","protected":false},"author":10,"featured_media":13487,"parent":0,"menu_order":0,"comment_status":"closed","ping_status":"closed","template":"","meta":{"_acf_changed":false,"inline_featured_image":false,"footnotes":""},"class_list":["post-7522","page","type-page","status-publish","has-post-thumbnail","hentry"],"acf":[],"yoast_head":"<!-- This site is optimized with the Yoast SEO plugin v27.5 - https:\/\/yoast.com\/product\/yoast-seo-wordpress\/ -->\n<title>Riku Pitk\u00e4l\u00e4 - Anfra<\/title>\n<meta name=\"description\" content=\"Riku Pitk\u00e4l\u00e4, Projektimyynti, Anfra Oy - yhteystiedot: riku.pitkala@anfra.fi, +358 40 553 7727\" \/>\n<meta name=\"robots\" content=\"noindex, nofollow\" \/>\n<meta property=\"og:locale\" content=\"en_US\" \/>\n<meta property=\"og:type\" content=\"article\" \/>\n<meta property=\"og:title\" content=\"Riku Pitk\u00e4l\u00e4 - Anfra\" \/>\n<meta property=\"og:description\" content=\"Riku Pitk\u00e4l\u00e4, Projektimyynti, Anfra Oy - yhteystiedot: riku.pitkala@anfra.fi, +358 40 553 7727\" \/>\n<meta property=\"og:url\" content=\"https:\/\/anfra.fi\/en\/riku-pitkala\/\" \/>\n<meta property=\"og:site_name\" content=\"Anfra\" \/>\n<meta property=\"article:publisher\" content=\"https:\/\/www.facebook.com\/anfraoy\/\" \/>\n<meta property=\"article:modified_time\" content=\"2026-03-03T10:39:38+00:00\" \/>\n<meta property=\"og:image\" content=\"https:\/\/anfra.fi\/wp-content\/uploads\/2021\/05\/riku-pitkala.webp\" \/>\n\t<meta property=\"og:image:width\" content=\"1500\" \/>\n\t<meta property=\"og:image:height\" content=\"1500\" \/>\n\t<meta property=\"og:image:type\" content=\"image\/webp\" \/>\n<meta name=\"twitter:card\" content=\"summary_large_image\" \/>\n<script type=\"application\/ld+json\" class=\"yoast-schema-graph\">{\"@context\":\"https:\\\/\\\/schema.org\",\"@graph\":[{\"@type\":\"WebPage\",\"@id\":\"https:\\\/\\\/anfra.fi\\\/fi\\\/riku-pitkala\\\/\",\"url\":\"https:\\\/\\\/anfra.fi\\\/fi\\\/riku-pitkala\\\/\",\"name\":\"Riku Pitk\u00e4l\u00e4 - Anfra\",\"isPartOf\":{\"@id\":\"https:\\\/\\\/anfra.fi\\\/#website\"},\"primaryImageOfPage\":{\"@id\":\"https:\\\/\\\/anfra.fi\\\/fi\\\/riku-pitkala\\\/#primaryimage\"},\"image\":{\"@id\":\"https:\\\/\\\/anfra.fi\\\/fi\\\/riku-pitkala\\\/#primaryimage\"},\"thumbnailUrl\":\"https:\\\/\\\/anfra.fi\\\/wp-content\\\/uploads\\\/2021\\\/05\\\/riku-pitkala.webp\",\"datePublished\":\"2023-05-12T03:20:52+00:00\",\"dateModified\":\"2026-03-03T10:39:38+00:00\",\"description\":\"Riku Pitk\u00e4l\u00e4, Projektimyynti, Anfra Oy - yhteystiedot: riku.pitkala@anfra.fi, +358 40 553 7727\",\"breadcrumb\":{\"@id\":\"https:\\\/\\\/anfra.fi\\\/fi\\\/riku-pitkala\\\/#breadcrumb\"},\"inLanguage\":\"en-US\",\"potentialAction\":[{\"@type\":\"ReadAction\",\"target\":[\"https:\\\/\\\/anfra.fi\\\/fi\\\/riku-pitkala\\\/\"]}]},{\"@type\":\"ImageObject\",\"inLanguage\":\"en-US\",\"@id\":\"https:\\\/\\\/anfra.fi\\\/fi\\\/riku-pitkala\\\/#primaryimage\",\"url\":\"https:\\\/\\\/anfra.fi\\\/wp-content\\\/uploads\\\/2021\\\/05\\\/riku-pitkala.webp\",\"contentUrl\":\"https:\\\/\\\/anfra.fi\\\/wp-content\\\/uploads\\\/2021\\\/05\\\/riku-pitkala.webp\",\"width\":1500,\"height\":1500},{\"@type\":\"BreadcrumbList\",\"@id\":\"https:\\\/\\\/anfra.fi\\\/fi\\\/riku-pitkala\\\/#breadcrumb\",\"itemListElement\":[{\"@type\":\"ListItem\",\"position\":1,\"name\":\"Home\",\"item\":\"https:\\\/\\\/anfra.fi\\\/fi\\\/\"},{\"@type\":\"ListItem\",\"position\":2,\"name\":\"Riku Pitk\u00e4l\u00e4\"}]},{\"@type\":\"WebSite\",\"@id\":\"https:\\\/\\\/anfra.fi\\\/#website\",\"url\":\"https:\\\/\\\/anfra.fi\\\/\",\"name\":\"Anfra Oy\",\"description\":\"Kest&auml;v&auml;n tekij&auml;\",\"publisher\":{\"@id\":\"https:\\\/\\\/anfra.fi\\\/#organization\"},\"alternateName\":\"Anfra\",\"potentialAction\":[{\"@type\":\"SearchAction\",\"target\":{\"@type\":\"EntryPoint\",\"urlTemplate\":\"https:\\\/\\\/anfra.fi\\\/?s={search_term_string}\"},\"query-input\":{\"@type\":\"PropertyValueSpecification\",\"valueRequired\":true,\"valueName\":\"search_term_string\"}}],\"inLanguage\":\"en-US\"},{\"@type\":\"Organization\",\"@id\":\"https:\\\/\\\/anfra.fi\\\/#organization\",\"name\":\"Anfra Oy\",\"alternateName\":\"Anfra\",\"url\":\"https:\\\/\\\/anfra.fi\\\/\",\"logo\":{\"@type\":\"ImageObject\",\"inLanguage\":\"en-US\",\"@id\":\"https:\\\/\\\/anfra.fi\\\/#\\\/schema\\\/logo\\\/image\\\/\",\"url\":\"https:\\\/\\\/anfra.fi\\\/wp-content\\\/uploads\\\/2024\\\/06\\\/a.jpg\",\"contentUrl\":\"https:\\\/\\\/anfra.fi\\\/wp-content\\\/uploads\\\/2024\\\/06\\\/a.jpg\",\"width\":1920,\"height\":1080,\"caption\":\"Anfra Oy\"},\"image\":{\"@id\":\"https:\\\/\\\/anfra.fi\\\/#\\\/schema\\\/logo\\\/image\\\/\"},\"sameAs\":[\"https:\\\/\\\/www.facebook.com\\\/anfraoy\\\/\",\"https:\\\/\\\/www.instagram.com\\\/anfra_oy\\\/\",\"https:\\\/\\\/www.linkedin.com\\\/company\\\/anfra-oy\",\"https:\\\/\\\/www.tiktok.com\\\/@anfra_oy\"]}]}<\/script>\n<!-- \/ Yoast SEO plugin. -->","yoast_head_json":{"title":"Riku Pitk\u00e4l\u00e4 - Anfra","description":"Riku Pitk\u00e4l\u00e4, Projektimyynti, Anfra Oy - yhteystiedot: riku.pitkala@anfra.fi, +358 40 553 7727","robots":{"index":"noindex","follow":"nofollow"},"og_locale":"en_US","og_type":"article","og_title":"Riku Pitk\u00e4l\u00e4 - Anfra","og_description":"Riku Pitk\u00e4l\u00e4, Projektimyynti, Anfra Oy - yhteystiedot: riku.pitkala@anfra.fi, +358 40 553 7727","og_url":"https:\/\/anfra.fi\/en\/riku-pitkala\/","og_site_name":"Anfra","article_publisher":"https:\/\/www.facebook.com\/anfraoy\/","article_modified_time":"2026-03-03T10:39:38+00:00","og_image":[{"width":1500,"height":1500,"url":"https:\/\/anfra.fi\/wp-content\/uploads\/2021\/05\/riku-pitkala.webp","type":"image\/webp"}],"twitter_card":"summary_large_image","schema":{"@context":"https:\/\/schema.org","@graph":[{"@type":"WebPage","@id":"https:\/\/anfra.fi\/fi\/riku-pitkala\/","url":"https:\/\/anfra.fi\/fi\/riku-pitkala\/","name":"Riku Pitk\u00e4l\u00e4 - Anfra","isPartOf":{"@id":"https:\/\/anfra.fi\/#website"},"primaryImageOfPage":{"@id":"https:\/\/anfra.fi\/fi\/riku-pitkala\/#primaryimage"},"image":{"@id":"https:\/\/anfra.fi\/fi\/riku-pitkala\/#primaryimage"},"thumbnailUrl":"https:\/\/anfra.fi\/wp-content\/uploads\/2021\/05\/riku-pitkala.webp","datePublished":"2023-05-12T03:20:52+00:00","dateModified":"2026-03-03T10:39:38+00:00","description":"Riku Pitk\u00e4l\u00e4, Projektimyynti, Anfra Oy - yhteystiedot: riku.pitkala@anfra.fi, +358 40 553 7727","breadcrumb":{"@id":"https:\/\/anfra.fi\/fi\/riku-pitkala\/#breadcrumb"},"inLanguage":"en-US","potentialAction":[{"@type":"ReadAction","target":["https:\/\/anfra.fi\/fi\/riku-pitkala\/"]}]},{"@type":"ImageObject","inLanguage":"en-US","@id":"https:\/\/anfra.fi\/fi\/riku-pitkala\/#primaryimage","url":"https:\/\/anfra.fi\/wp-content\/uploads\/2021\/05\/riku-pitkala.webp","contentUrl":"https:\/\/anfra.fi\/wp-content\/uploads\/2021\/05\/riku-pitkala.webp","width":1500,"height":1500},{"@type":"BreadcrumbList","@id":"https:\/\/anfra.fi\/fi\/riku-pitkala\/#breadcrumb","itemListElement":[{"@type":"ListItem","position":1,"name":"Home","item":"https:\/\/anfra.fi\/fi\/"},{"@type":"ListItem","position":2,"name":"Riku Pitk\u00e4l\u00e4"}]},{"@type":"WebSite","@id":"https:\/\/anfra.fi\/#website","url":"https:\/\/anfra.fi\/","name":"Anfra Oy","description":"Kest&auml;v&auml;n tekij&auml;","publisher":{"@id":"https:\/\/anfra.fi\/#organization"},"alternateName":"Anfra","potentialAction":[{"@type":"SearchAction","target":{"@type":"EntryPoint","urlTemplate":"https:\/\/anfra.fi\/?s={search_term_string}"},"query-input":{"@type":"PropertyValueSpecification","valueRequired":true,"valueName":"search_term_string"}}],"inLanguage":"en-US"},{"@type":"Organization","@id":"https:\/\/anfra.fi\/#organization","name":"Anfra Oy","alternateName":"Anfra","url":"https:\/\/anfra.fi\/","logo":{"@type":"ImageObject","inLanguage":"en-US","@id":"https:\/\/anfra.fi\/#\/schema\/logo\/image\/","url":"https:\/\/anfra.fi\/wp-content\/uploads\/2024\/06\/a.jpg","contentUrl":"https:\/\/anfra.fi\/wp-content\/uploads\/2024\/06\/a.jpg","width":1920,"height":1080,"caption":"Anfra Oy"},"image":{"@id":"https:\/\/anfra.fi\/#\/schema\/logo\/image\/"},"sameAs":["https:\/\/www.facebook.com\/anfraoy\/","https:\/\/www.instagram.com\/anfra_oy\/","https:\/\/www.linkedin.com\/company\/anfra-oy","https:\/\/www.tiktok.com\/@anfra_oy"]}]}},"_links":{"self":[{"href":"https:\/\/anfra.fi\/en\/wp-json\/wp\/v2\/pages\/7522","targetHints":{"allow":["GET"]}}],"collection":[{"href":"https:\/\/anfra.fi\/en\/wp-json\/wp\/v2\/pages"}],"about":[{"href":"https:\/\/anfra.fi\/en\/wp-json\/wp\/v2\/types\/page"}],"author":[{"embeddable":true,"href":"https:\/\/anfra.fi\/en\/wp-json\/wp\/v2\/users\/10"}],"replies":[{"embeddable":true,"href":"https:\/\/anfra.fi\/en\/wp-json\/wp\/v2\/comments?post=7522"}],"version-history":[{"count":18,"href":"https:\/\/anfra.fi\/en\/wp-json\/wp\/v2\/pages\/7522\/revisions"}],"predecessor-version":[{"id":13660,"href":"https:\/\/anfra.fi\/en\/wp-json\/wp\/v2\/pages\/7522\/revisions\/13660"}],"wp:featuredmedia":[{"embeddable":true,"href":"https:\/\/anfra.fi\/en\/wp-json\/wp\/v2\/media\/13487"}],"wp:attachment":[{"href":"https:\/\/anfra.fi\/en\/wp-json\/wp\/v2\/media?parent=7522"}],"curies":[{"name":"wp","href":"https:\/\/api.w.org\/{rel}","templated":true}]}}