{"id":7227,"date":"2023-04-21T10:39:46","date_gmt":"2023-04-21T07:39:46","guid":{"rendered":"https:\/\/anfra.fi\/?page_id=7227"},"modified":"2024-06-03T13:53:54","modified_gmt":"2024-06-03T10:53:54","slug":"evasteet","status":"publish","type":"page","link":"https:\/\/anfra.fi\/fi\/evasteet\/","title":{"rendered":"EV\u00c4STEET"},"content":{"rendered":"\t\t<div data-elementor-type=\"wp-page\" data-elementor-id=\"7227\" class=\"elementor elementor-7227\" data-elementor-post-type=\"page\">\n\t\t\t\t<div class=\"elementor-element elementor-element-b3585a6 e-flex e-con-boxed jltma-glass-effect-no e-con e-parent\" data-id=\"b3585a6\" data-element_type=\"container\" data-e-type=\"container\">\n\t\t\t\t\t<div class=\"e-con-inner\">\n\t\t\t\t<div class=\"elementor-element elementor-element-e70097d jltma-glass-effect-no elementor-widget elementor-widget-text-editor\" data-id=\"e70097d\" data-element_type=\"widget\" data-e-type=\"widget\" data-widget_type=\"text-editor.default\">\n\t\t\t\t<div class=\"elementor-widget-container\">\n\t\t\t\t\t\t\t\t\t<h2>TIETOA EV\u00c4STEIST\u00c4<\/h2><p>Anfra Oy k\u00e4ytt\u00e4\u00e4 ev\u00e4steit\u00e4 verkkosivustoillaan. Hyv\u00e4ksyt ev\u00e4steiden k\u00e4yt\u00f6n jatkamalla sivustojen selaamista. Ker\u00e4\u00e4mme Google Analytics -tilastotietoja esimerkiksi sivustojen k\u00e4vij\u00e4m\u00e4\u00e4rist\u00e4 ja suosituista sis\u00e4ll\u00f6ist\u00e4.<\/p><p>Ev\u00e4ste (cookie) on pieni tekstitiedosto, jonka internet-selain tallentaa k\u00e4ytt\u00e4j\u00e4n laitteelle. Ev\u00e4steit\u00e4 k\u00e4ytet\u00e4\u00e4n esimerkiksi silloin, kun k\u00e4ytt\u00e4j\u00e4n tietoja halutaan s\u00e4ilytt\u00e4\u00e4 t\u00e4m\u00e4n siirtyess\u00e4 internetpalvelun sivulta toiselle. K\u00e4ytt\u00e4m\u00e4ll\u00e4 sivustoa hyv\u00e4ksyt ev\u00e4steiden k\u00e4yt\u00f6n. Mik\u00e4li et halua k\u00e4ytt\u00e4\u00e4 ev\u00e4steit\u00e4, voit kytke\u00e4 ne selaimessasi pois p\u00e4\u00e4lt\u00e4 tai poistua sivustolta. Sivuston toiminnallisuus kuitenkin saattaa vaatia ev\u00e4steiden k\u00e4ytt\u00f6\u00e4.<\/p><p>K\u00e4ytt\u00e4m\u00e4ll\u00e4 ev\u00e4steit\u00e4 pystymme muokkaamaan sivuston tarjontaa ja k\u00e4ytt\u00f6kokemusta asiakkaidemme mieltymystyn mukaiseksi. Ev\u00e4steiden avulla ker\u00e4\u00e4mme asiakkaistamme mm. seuraavia tietoja.<\/p><p>p\u00e4\u00e4telaite ja selaintyyppi<br \/>kellonaika ja p\u00e4iv\u00e4m\u00e4\u00e4r\u00e4<br \/>vieraillut sivut ja katsotut tuotteet<br \/>mist\u00e4 verkko-osoitteesta k\u00e4ytt\u00e4j\u00e4 on tullut kyseiselle verkkosivulle<br \/>onko k\u00e4ytt\u00e4j\u00e4ll\u00e4 olemassaolevaa yll\u00e4pitotunnusta sivustolle<\/p><p>Lis\u00e4ksi k\u00e4yt\u00f6ss\u00e4mme on RTP Byggfaktan Analytics Pro, joka kertoo veirailijan yrityksen nimen, jos vierailija on k\u00e4ynyt verkkosivuillamme yrityksen verkosta.<br \/>Sivustolle on asennettu my\u00f6s LinkedIn insights, jonka avulla seuraamme vierailijan k\u00e4ytt\u00e4ytymist\u00e4 verkkosivustolla.<\/p>\t\t\t\t\t\t\t\t<\/div>\n\t\t\t\t<\/div>\n\t\t\t\t\t<\/div>\n\t\t\t\t<\/div>\n\t\t\t\t<\/div>\n\t\t","protected":false},"excerpt":{"rendered":"<p>TIETOA EV\u00c4STEIST\u00c4 Anfra Oy k\u00e4ytt\u00e4\u00e4 ev\u00e4steit\u00e4 verkkosivustoillaan. Hyv\u00e4ksyt ev\u00e4steiden k\u00e4yt\u00f6n jatkamalla sivustojen selaamista. Ker\u00e4\u00e4mme Google Analytics -tilastotietoja esimerkiksi sivustojen k\u00e4vij\u00e4m\u00e4\u00e4rist\u00e4 ja suosituista sis\u00e4ll\u00f6ist\u00e4. Ev\u00e4ste (cookie) on pieni tekstitiedosto, jonka internet-selain tallentaa k\u00e4ytt\u00e4j\u00e4n laitteelle. Ev\u00e4steit\u00e4 k\u00e4ytet\u00e4\u00e4n esimerkiksi silloin, kun k\u00e4ytt\u00e4j\u00e4n tietoja halutaan s\u00e4ilytt\u00e4\u00e4 t\u00e4m\u00e4n siirtyess\u00e4 internetpalvelun sivulta toiselle. K\u00e4ytt\u00e4m\u00e4ll\u00e4 sivustoa hyv\u00e4ksyt ev\u00e4steiden k\u00e4yt\u00f6n. Mik\u00e4li et halua [&hellip;]<\/p>\n","protected":false},"author":10,"featured_media":0,"parent":0,"menu_order":0,"comment_status":"closed","ping_status":"closed","template":"","meta":{"_acf_changed":false,"inline_featured_image":false,"footnotes":""},"class_list":["post-7227","page","type-page","status-publish","hentry"],"acf":[],"yoast_head":"<!-- This site is optimized with the Yoast SEO plugin v27.3 - https:\/\/yoast.com\/product\/yoast-seo-wordpress\/ -->\n<title>EV\u00c4STEET - Anfra<\/title>\n<meta name=\"robots\" content=\"index, follow, max-snippet:-1, max-image-preview:large, max-video-preview:-1\" \/>\n<link rel=\"canonical\" href=\"https:\/\/anfra.fi\/fi\/evasteet\/\" \/>\n<meta property=\"og:locale\" content=\"fi_FI\" \/>\n<meta property=\"og:type\" content=\"article\" \/>\n<meta property=\"og:title\" content=\"EV\u00c4STEET - Anfra\" \/>\n<meta property=\"og:description\" content=\"TIETOA EV\u00c4STEIST\u00c4 Anfra Oy k\u00e4ytt\u00e4\u00e4 ev\u00e4steit\u00e4 verkkosivustoillaan. Hyv\u00e4ksyt ev\u00e4steiden k\u00e4yt\u00f6n jatkamalla sivustojen selaamista. Ker\u00e4\u00e4mme Google Analytics -tilastotietoja esimerkiksi sivustojen k\u00e4vij\u00e4m\u00e4\u00e4rist\u00e4 ja suosituista sis\u00e4ll\u00f6ist\u00e4. Ev\u00e4ste (cookie) on pieni tekstitiedosto, jonka internet-selain tallentaa k\u00e4ytt\u00e4j\u00e4n laitteelle. Ev\u00e4steit\u00e4 k\u00e4ytet\u00e4\u00e4n esimerkiksi silloin, kun k\u00e4ytt\u00e4j\u00e4n tietoja halutaan s\u00e4ilytt\u00e4\u00e4 t\u00e4m\u00e4n siirtyess\u00e4 internetpalvelun sivulta toiselle. K\u00e4ytt\u00e4m\u00e4ll\u00e4 sivustoa hyv\u00e4ksyt ev\u00e4steiden k\u00e4yt\u00f6n. Mik\u00e4li et halua [&hellip;]\" \/>\n<meta property=\"og:url\" content=\"https:\/\/anfra.fi\/fi\/evasteet\/\" \/>\n<meta property=\"og:site_name\" content=\"Anfra\" \/>\n<meta property=\"article:publisher\" content=\"https:\/\/www.facebook.com\/anfraoy\/\" \/>\n<meta property=\"article:modified_time\" content=\"2024-06-03T10:53:54+00:00\" \/>\n<meta property=\"og:image\" content=\"https:\/\/anfra.fi\/wp-content\/uploads\/2024\/06\/a.jpg\" \/>\n\t<meta property=\"og:image:width\" content=\"1920\" \/>\n\t<meta property=\"og:image:height\" content=\"1080\" \/>\n\t<meta property=\"og:image:type\" content=\"image\/jpeg\" \/>\n<meta name=\"twitter:card\" content=\"summary_large_image\" \/>\n<meta name=\"twitter:label1\" content=\"Arvioitu lukuaika\" \/>\n\t<meta name=\"twitter:data1\" content=\"1 minuutti\" \/>\n<script type=\"application\/ld+json\" class=\"yoast-schema-graph\">{\"@context\":\"https:\\\/\\\/schema.org\",\"@graph\":[{\"@type\":\"WebPage\",\"@id\":\"https:\\\/\\\/anfra.fi\\\/evasteet\\\/\",\"url\":\"https:\\\/\\\/anfra.fi\\\/evasteet\\\/\",\"name\":\"EV\u00c4STEET - Anfra\",\"isPartOf\":{\"@id\":\"https:\\\/\\\/anfra.fi\\\/#website\"},\"datePublished\":\"2023-04-21T07:39:46+00:00\",\"dateModified\":\"2024-06-03T10:53:54+00:00\",\"breadcrumb\":{\"@id\":\"https:\\\/\\\/anfra.fi\\\/evasteet\\\/#breadcrumb\"},\"inLanguage\":\"fi\",\"potentialAction\":[{\"@type\":\"ReadAction\",\"target\":[\"https:\\\/\\\/anfra.fi\\\/evasteet\\\/\"]}]},{\"@type\":\"BreadcrumbList\",\"@id\":\"https:\\\/\\\/anfra.fi\\\/evasteet\\\/#breadcrumb\",\"itemListElement\":[{\"@type\":\"ListItem\",\"position\":1,\"name\":\"Home\",\"item\":\"https:\\\/\\\/anfra.fi\\\/\"},{\"@type\":\"ListItem\",\"position\":2,\"name\":\"EV\u00c4STEET\"}]},{\"@type\":\"WebSite\",\"@id\":\"https:\\\/\\\/anfra.fi\\\/#website\",\"url\":\"https:\\\/\\\/anfra.fi\\\/\",\"name\":\"Anfra Oy\",\"description\":\"Kest&auml;v&auml;n tekij&auml;\",\"publisher\":{\"@id\":\"https:\\\/\\\/anfra.fi\\\/#organization\"},\"alternateName\":\"Anfra\",\"potentialAction\":[{\"@type\":\"SearchAction\",\"target\":{\"@type\":\"EntryPoint\",\"urlTemplate\":\"https:\\\/\\\/anfra.fi\\\/?s={search_term_string}\"},\"query-input\":{\"@type\":\"PropertyValueSpecification\",\"valueRequired\":true,\"valueName\":\"search_term_string\"}}],\"inLanguage\":\"fi\"},{\"@type\":\"Organization\",\"@id\":\"https:\\\/\\\/anfra.fi\\\/#organization\",\"name\":\"Anfra Oy\",\"alternateName\":\"Anfra\",\"url\":\"https:\\\/\\\/anfra.fi\\\/\",\"logo\":{\"@type\":\"ImageObject\",\"inLanguage\":\"fi\",\"@id\":\"https:\\\/\\\/anfra.fi\\\/#\\\/schema\\\/logo\\\/image\\\/\",\"url\":\"https:\\\/\\\/anfra.fi\\\/wp-content\\\/uploads\\\/2024\\\/06\\\/a.jpg\",\"contentUrl\":\"https:\\\/\\\/anfra.fi\\\/wp-content\\\/uploads\\\/2024\\\/06\\\/a.jpg\",\"width\":1920,\"height\":1080,\"caption\":\"Anfra Oy\"},\"image\":{\"@id\":\"https:\\\/\\\/anfra.fi\\\/#\\\/schema\\\/logo\\\/image\\\/\"},\"sameAs\":[\"https:\\\/\\\/www.facebook.com\\\/anfraoy\\\/\",\"https:\\\/\\\/www.instagram.com\\\/anfra_oy\\\/\",\"https:\\\/\\\/www.linkedin.com\\\/company\\\/anfra-oy\",\"https:\\\/\\\/www.tiktok.com\\\/@anfra_oy\"]}]}<\/script>\n<!-- \/ Yoast SEO plugin. -->","yoast_head_json":{"title":"EV\u00c4STEET - Anfra","robots":{"index":"index","follow":"follow","max-snippet":"max-snippet:-1","max-image-preview":"max-image-preview:large","max-video-preview":"max-video-preview:-1"},"canonical":"https:\/\/anfra.fi\/fi\/evasteet\/","og_locale":"fi_FI","og_type":"article","og_title":"EV\u00c4STEET - Anfra","og_description":"TIETOA EV\u00c4STEIST\u00c4 Anfra Oy k\u00e4ytt\u00e4\u00e4 ev\u00e4steit\u00e4 verkkosivustoillaan. Hyv\u00e4ksyt ev\u00e4steiden k\u00e4yt\u00f6n jatkamalla sivustojen selaamista. Ker\u00e4\u00e4mme Google Analytics -tilastotietoja esimerkiksi sivustojen k\u00e4vij\u00e4m\u00e4\u00e4rist\u00e4 ja suosituista sis\u00e4ll\u00f6ist\u00e4. Ev\u00e4ste (cookie) on pieni tekstitiedosto, jonka internet-selain tallentaa k\u00e4ytt\u00e4j\u00e4n laitteelle. Ev\u00e4steit\u00e4 k\u00e4ytet\u00e4\u00e4n esimerkiksi silloin, kun k\u00e4ytt\u00e4j\u00e4n tietoja halutaan s\u00e4ilytt\u00e4\u00e4 t\u00e4m\u00e4n siirtyess\u00e4 internetpalvelun sivulta toiselle. K\u00e4ytt\u00e4m\u00e4ll\u00e4 sivustoa hyv\u00e4ksyt ev\u00e4steiden k\u00e4yt\u00f6n. Mik\u00e4li et halua [&hellip;]","og_url":"https:\/\/anfra.fi\/fi\/evasteet\/","og_site_name":"Anfra","article_publisher":"https:\/\/www.facebook.com\/anfraoy\/","article_modified_time":"2024-06-03T10:53:54+00:00","og_image":[{"width":1920,"height":1080,"url":"https:\/\/anfra.fi\/wp-content\/uploads\/2024\/06\/a.jpg","type":"image\/jpeg"}],"twitter_card":"summary_large_image","twitter_misc":{"Arvioitu lukuaika":"1 minuutti"},"schema":{"@context":"https:\/\/schema.org","@graph":[{"@type":"WebPage","@id":"https:\/\/anfra.fi\/evasteet\/","url":"https:\/\/anfra.fi\/evasteet\/","name":"EV\u00c4STEET - Anfra","isPartOf":{"@id":"https:\/\/anfra.fi\/#website"},"datePublished":"2023-04-21T07:39:46+00:00","dateModified":"2024-06-03T10:53:54+00:00","breadcrumb":{"@id":"https:\/\/anfra.fi\/evasteet\/#breadcrumb"},"inLanguage":"fi","potentialAction":[{"@type":"ReadAction","target":["https:\/\/anfra.fi\/evasteet\/"]}]},{"@type":"BreadcrumbList","@id":"https:\/\/anfra.fi\/evasteet\/#breadcrumb","itemListElement":[{"@type":"ListItem","position":1,"name":"Home","item":"https:\/\/anfra.fi\/"},{"@type":"ListItem","position":2,"name":"EV\u00c4STEET"}]},{"@type":"WebSite","@id":"https:\/\/anfra.fi\/#website","url":"https:\/\/anfra.fi\/","name":"Anfra Oy","description":"Kest&auml;v&auml;n tekij&auml;","publisher":{"@id":"https:\/\/anfra.fi\/#organization"},"alternateName":"Anfra","potentialAction":[{"@type":"SearchAction","target":{"@type":"EntryPoint","urlTemplate":"https:\/\/anfra.fi\/?s={search_term_string}"},"query-input":{"@type":"PropertyValueSpecification","valueRequired":true,"valueName":"search_term_string"}}],"inLanguage":"fi"},{"@type":"Organization","@id":"https:\/\/anfra.fi\/#organization","name":"Anfra Oy","alternateName":"Anfra","url":"https:\/\/anfra.fi\/","logo":{"@type":"ImageObject","inLanguage":"fi","@id":"https:\/\/anfra.fi\/#\/schema\/logo\/image\/","url":"https:\/\/anfra.fi\/wp-content\/uploads\/2024\/06\/a.jpg","contentUrl":"https:\/\/anfra.fi\/wp-content\/uploads\/2024\/06\/a.jpg","width":1920,"height":1080,"caption":"Anfra Oy"},"image":{"@id":"https:\/\/anfra.fi\/#\/schema\/logo\/image\/"},"sameAs":["https:\/\/www.facebook.com\/anfraoy\/","https:\/\/www.instagram.com\/anfra_oy\/","https:\/\/www.linkedin.com\/company\/anfra-oy","https:\/\/www.tiktok.com\/@anfra_oy"]}]}},"_links":{"self":[{"href":"https:\/\/anfra.fi\/fi\/wp-json\/wp\/v2\/pages\/7227","targetHints":{"allow":["GET"]}}],"collection":[{"href":"https:\/\/anfra.fi\/fi\/wp-json\/wp\/v2\/pages"}],"about":[{"href":"https:\/\/anfra.fi\/fi\/wp-json\/wp\/v2\/types\/page"}],"author":[{"embeddable":true,"href":"https:\/\/anfra.fi\/fi\/wp-json\/wp\/v2\/users\/10"}],"replies":[{"embeddable":true,"href":"https:\/\/anfra.fi\/fi\/wp-json\/wp\/v2\/comments?post=7227"}],"version-history":[{"count":14,"href":"https:\/\/anfra.fi\/fi\/wp-json\/wp\/v2\/pages\/7227\/revisions"}],"predecessor-version":[{"id":10763,"href":"https:\/\/anfra.fi\/fi\/wp-json\/wp\/v2\/pages\/7227\/revisions\/10763"}],"wp:attachment":[{"href":"https:\/\/anfra.fi\/fi\/wp-json\/wp\/v2\/media?parent=7227"}],"curies":[{"name":"wp","href":"https:\/\/api.w.org\/{rel}","templated":true}]}}