{"id":8908,"date":"2023-10-18T11:44:46","date_gmt":"2023-10-18T08:44:46","guid":{"rendered":"https:\/\/anfra.fi\/?page_id=8908"},"modified":"2025-08-11T12:40:31","modified_gmt":"2025-08-11T09:40:31","slug":"aidat-ja-portit","status":"publish","type":"page","link":"https:\/\/anfra.fi\/fi\/aidat-ja-portit\/","title":{"rendered":"Aidat ja portit"},"content":{"rendered":"\t\t<div data-elementor-type=\"wp-page\" data-elementor-id=\"8908\" class=\"elementor elementor-8908\" data-elementor-post-type=\"page\">\n\t\t\t\t\t\t<section class=\"elementor-section elementor-top-section elementor-element elementor-element-d736cc5 elementor-section-full_width elementor-section-height-min-height elementor-section-height-default elementor-section-items-middle jltma-glass-effect-no\" data-id=\"d736cc5\" data-element_type=\"section\" data-e-type=\"section\" data-settings=\"{&quot;background_background&quot;:&quot;classic&quot;,&quot;shape_divider_bottom&quot;:&quot;triangle&quot;,&quot;shape_divider_bottom_negative&quot;:&quot;yes&quot;,&quot;background_motion_fx_motion_fx_scrolling&quot;:&quot;yes&quot;,&quot;background_motion_fx_translateY_effect&quot;:&quot;yes&quot;,&quot;background_motion_fx_range&quot;:&quot;viewport&quot;,&quot;background_motion_fx_translateY_speed&quot;:{&quot;unit&quot;:&quot;px&quot;,&quot;size&quot;:4,&quot;sizes&quot;:[]},&quot;background_motion_fx_translateY_affectedRange&quot;:{&quot;unit&quot;:&quot;%&quot;,&quot;size&quot;:&quot;&quot;,&quot;sizes&quot;:{&quot;start&quot;:0,&quot;end&quot;:100}},&quot;background_motion_fx_devices&quot;:[&quot;desktop&quot;,&quot;tablet&quot;,&quot;mobile&quot;]}\">\n\t\t\t\t\t\t\t<div class=\"elementor-background-overlay\"><\/div>\n\t\t\t\t\t\t<div class=\"elementor-shape elementor-shape-bottom\" aria-hidden=\"true\" data-negative=\"true\">\n\t\t\t<svg xmlns=\"http:\/\/www.w3.org\/2000\/svg\" viewBox=\"0 0 1000 100\" preserveAspectRatio=\"none\">\n\t<path class=\"elementor-shape-fill\" d=\"M500.2,94.7L0,0v100h1000V0L500.2,94.7z\"\/>\n<\/svg>\t\t<\/div>\n\t\t\t\t\t<div class=\"elementor-container elementor-column-gap-default\">\n\t\t\t\t\t<div class=\"elementor-column elementor-col-100 elementor-top-column elementor-element elementor-element-07af126 jltma-glass-effect-no\" data-id=\"07af126\" data-element_type=\"column\" data-e-type=\"column\">\n\t\t\t<div class=\"elementor-widget-wrap elementor-element-populated\">\n\t\t\t\t\t\t<div class=\"elementor-element elementor-element-fbba505 jltma-glass-effect-no elementor-widget elementor-widget-heading\" data-id=\"fbba505\" data-element_type=\"widget\" data-e-type=\"widget\" data-widget_type=\"heading.default\">\n\t\t\t\t<div class=\"elementor-widget-container\">\n\t\t\t\t\t<h1 class=\"elementor-heading-title elementor-size-default\">Aidat ja portit<\/h1>\t\t\t\t<\/div>\n\t\t\t\t<\/div>\n\t\t\t\t<div class=\"elementor-element elementor-element-9e0fc31 jltma-glass-effect-no elementor-widget elementor-widget-heading\" data-id=\"9e0fc31\" data-element_type=\"widget\" data-e-type=\"widget\" data-widget_type=\"heading.default\">\n\t\t\t\t<div class=\"elementor-widget-container\">\n\t\t\t\t\t<h2 class=\"elementor-heading-title elementor-size-default\">A-luokan aluesuojausta<\/h2>\t\t\t\t<\/div>\n\t\t\t\t<\/div>\n\t\t\t\t\t<\/div>\n\t\t<\/div>\n\t\t\t\t\t<\/div>\n\t\t<\/section>\n\t\t\t\t<section class=\"elementor-section elementor-top-section elementor-element elementor-element-b72a238 elementor-section-boxed elementor-section-height-default elementor-section-height-default jltma-glass-effect-no\" data-id=\"b72a238\" data-element_type=\"section\" data-e-type=\"section\" data-settings=\"{&quot;background_background&quot;:&quot;classic&quot;,&quot;shape_divider_top&quot;:&quot;triangle&quot;,&quot;shape_divider_bottom_negative&quot;:&quot;yes&quot;,&quot;shape_divider_bottom&quot;:&quot;triangle&quot;}\">\n\t\t\t\t\t\t\t<div class=\"elementor-background-overlay\"><\/div>\n\t\t\t\t\t\t<div class=\"elementor-shape elementor-shape-top\" aria-hidden=\"true\" data-negative=\"false\">\n\t\t\t<svg xmlns=\"http:\/\/www.w3.org\/2000\/svg\" viewBox=\"0 0 1000 100\" preserveAspectRatio=\"none\">\n\t<path class=\"elementor-shape-fill\" d=\"M500,98.9L0,6.1V0h1000v6.1L500,98.9z\"\/>\n<\/svg>\t\t<\/div>\n\t\t\t\t<div class=\"elementor-shape elementor-shape-bottom\" aria-hidden=\"true\" data-negative=\"true\">\n\t\t\t<svg xmlns=\"http:\/\/www.w3.org\/2000\/svg\" viewBox=\"0 0 1000 100\" preserveAspectRatio=\"none\">\n\t<path class=\"elementor-shape-fill\" d=\"M500.2,94.7L0,0v100h1000V0L500.2,94.7z\"\/>\n<\/svg>\t\t<\/div>\n\t\t\t\t\t<div class=\"elementor-container elementor-column-gap-default\">\n\t\t\t\t\t<div class=\"elementor-column elementor-col-100 elementor-top-column elementor-element elementor-element-f235a28 jltma-glass-effect-no\" data-id=\"f235a28\" data-element_type=\"column\" data-e-type=\"column\">\n\t\t\t<div class=\"elementor-widget-wrap elementor-element-populated\">\n\t\t\t\t\t\t<div class=\"elementor-element elementor-element-b4e2a1e jltma-glass-effect-no elementor-widget elementor-widget-text-editor\" data-id=\"b4e2a1e\" data-element_type=\"widget\" data-e-type=\"widget\" data-widget_type=\"text-editor.default\">\n\t\t\t\t<div class=\"elementor-widget-container\">\n\t\t\t\t\t\t\t\t\t<p>Meill\u00e4 on aputoiminimi Anfra-Aidat, joka keskittyy aitojen ja porttien tuotantoon sek\u00e4 myyntiin.<\/p><p>Anfra-Aidoilta saat yksil\u00f6lliset aluesuojausratkaisut yhdell\u00e4 sopimuksella. Tarjoamme kokonaisvaltaisen paketin asiakkaan tarpeiden mukaan, aina maat\u00f6ist\u00e4 portin s\u00e4hk\u00f6istykseen saakka.<\/p>\t\t\t\t\t\t\t\t<\/div>\n\t\t\t\t<\/div>\n\t\t\t\t<div class=\"elementor-element elementor-element-52b5ec2 elementor-align-center elementor-mobile-align-center jltma-glass-effect-no elementor-widget elementor-widget-button\" data-id=\"52b5ec2\" data-element_type=\"widget\" data-e-type=\"widget\" data-settings=\"{&quot;_animation&quot;:&quot;none&quot;}\" data-widget_type=\"button.default\">\n\t\t\t\t<div class=\"elementor-widget-container\">\n\t\t\t\t\t\t\t\t\t<div class=\"elementor-button-wrapper\">\n\t\t\t\t\t<a class=\"elementor-button elementor-button-link elementor-size-sm elementor-animation-shrink\" href=\"https:\/\/anfra-aidat.fi\/\" target=\"_blank\">\n\t\t\t\t\t\t<span class=\"elementor-button-content-wrapper\">\n\t\t\t\t\t\t\t\t\t<span class=\"elementor-button-text\">Anfra-Aitojen sivulle \u203a<\/span>\n\t\t\t\t\t<\/span>\n\t\t\t\t\t<\/a>\n\t\t\t\t<\/div>\n\t\t\t\t\t\t\t\t<\/div>\n\t\t\t\t<\/div>\n\t\t\t\t<div class=\"elementor-element elementor-element-f45e302 jltma-glass-effect-no elementor-widget elementor-widget-spacer\" data-id=\"f45e302\" data-element_type=\"widget\" data-e-type=\"widget\" data-widget_type=\"spacer.default\">\n\t\t\t\t<div class=\"elementor-widget-container\">\n\t\t\t\t\t\t\t<div class=\"elementor-spacer\">\n\t\t\t<div class=\"elementor-spacer-inner\"><\/div>\n\t\t<\/div>\n\t\t\t\t\t\t<\/div>\n\t\t\t\t<\/div>\n\t\t\t\t\t<\/div>\n\t\t<\/div>\n\t\t\t\t\t<\/div>\n\t\t<\/section>\n\t\t\t\t<section class=\"elementor-section elementor-top-section elementor-element elementor-element-6b7a498 elementor-section-boxed elementor-section-height-default elementor-section-height-default jltma-glass-effect-no\" data-id=\"6b7a498\" data-element_type=\"section\" data-e-type=\"section\">\n\t\t\t\t\t\t<div class=\"elementor-container elementor-column-gap-default\">\n\t\t\t\t\t<div class=\"elementor-column elementor-col-100 elementor-top-column elementor-element elementor-element-fd342d1 jltma-glass-effect-no\" data-id=\"fd342d1\" data-element_type=\"column\" data-e-type=\"column\">\n\t\t\t<div class=\"elementor-widget-wrap elementor-element-populated\">\n\t\t\t\t\t\t<div class=\"elementor-element elementor-element-5f2ffbd jltma-glass-effect-no elementor-widget elementor-widget-heading\" data-id=\"5f2ffbd\" data-element_type=\"widget\" data-e-type=\"widget\" data-widget_type=\"heading.default\">\n\t\t\t\t<div class=\"elementor-widget-container\">\n\t\t\t\t\t<h2 class=\"elementor-heading-title elementor-size-default\">Anfra-aidat<\/h2>\t\t\t\t<\/div>\n\t\t\t\t<\/div>\n\t\t\t\t<section class=\"elementor-section elementor-inner-section elementor-element elementor-element-3986475 elementor-reverse-mobile elementor-section-boxed elementor-section-height-default elementor-section-height-default jltma-glass-effect-no\" data-id=\"3986475\" data-element_type=\"section\" data-e-type=\"section\">\n\t\t\t\t\t\t<div class=\"elementor-container elementor-column-gap-narrow\">\n\t\t\t\t\t<div class=\"elementor-column elementor-col-33 elementor-inner-column elementor-element elementor-element-7c49622 jltma-glass-effect-no\" data-id=\"7c49622\" data-element_type=\"column\" data-e-type=\"column\" data-settings=\"{&quot;background_background&quot;:&quot;classic&quot;}\">\n\t\t\t<div class=\"elementor-widget-wrap elementor-element-populated\">\n\t\t\t\t\t\t<div class=\"elementor-element elementor-element-6308d6f jltma-glass-effect-no elementor-widget elementor-widget-heading\" data-id=\"6308d6f\" data-element_type=\"widget\" data-e-type=\"widget\" data-widget_type=\"heading.default\">\n\t\t\t\t<div class=\"elementor-widget-container\">\n\t\t\t\t\t<h2 class=\"elementor-heading-title elementor-size-default\">Liiketoimintap\u00e4\u00e4llikk\u00f6<\/h2>\t\t\t\t<\/div>\n\t\t\t\t<\/div>\n\t\t\t\t<div class=\"elementor-element elementor-element-5e81b68 jltma-glass-effect-no elementor-widget elementor-widget-heading\" data-id=\"5e81b68\" data-element_type=\"widget\" data-e-type=\"widget\" data-widget_type=\"heading.default\">\n\t\t\t\t<div class=\"elementor-widget-container\">\n\t\t\t\t\t<h2 class=\"elementor-heading-title elementor-size-default\">Aki Puoskari<\/h2>\t\t\t\t<\/div>\n\t\t\t\t<\/div>\n\t\t\t\t<div class=\"elementor-element elementor-element-3899389 jltma-glass-effect-no elementor-widget elementor-widget-text-editor\" data-id=\"3899389\" data-element_type=\"widget\" data-e-type=\"widget\" data-widget_type=\"text-editor.default\">\n\t\t\t\t<div class=\"elementor-widget-container\">\n\t\t\t\t\t\t\t\t\t<p style=\"text-align: center;\"><a href=\"tel:+358442907861\">044 290 7861<\/a><br \/><a href=\"mailto:aki.puoskari@anfra.fi\">aki.puoskari@anfra.fi<\/a><\/p>\t\t\t\t\t\t\t\t<\/div>\n\t\t\t\t<\/div>\n\t\t\t\t\t<\/div>\n\t\t<\/div>\n\t\t\t\t<div class=\"elementor-column elementor-col-33 elementor-inner-column elementor-element elementor-element-2c78a62 jltma-glass-effect-no\" data-id=\"2c78a62\" data-element_type=\"column\" data-e-type=\"column\" data-settings=\"{&quot;background_background&quot;:&quot;classic&quot;}\">\n\t\t\t<div class=\"elementor-widget-wrap elementor-element-populated\">\n\t\t\t\t\t\t<div class=\"elementor-element elementor-element-360a08c jltma-glass-effect-no elementor-widget elementor-widget-heading\" data-id=\"360a08c\" data-element_type=\"widget\" data-e-type=\"widget\" data-widget_type=\"heading.default\">\n\t\t\t\t<div class=\"elementor-widget-container\">\n\t\t\t\t\t<h2 class=\"elementor-heading-title elementor-size-default\">Projektimyynti<\/h2>\t\t\t\t<\/div>\n\t\t\t\t<\/div>\n\t\t\t\t<div class=\"elementor-element elementor-element-2a36446 jltma-glass-effect-no elementor-widget elementor-widget-heading\" data-id=\"2a36446\" data-element_type=\"widget\" data-e-type=\"widget\" data-widget_type=\"heading.default\">\n\t\t\t\t<div class=\"elementor-widget-container\">\n\t\t\t\t\t<h2 class=\"elementor-heading-title elementor-size-default\">Jami Tihinen<\/h2>\t\t\t\t<\/div>\n\t\t\t\t<\/div>\n\t\t\t\t<div class=\"elementor-element elementor-element-fe3137c jltma-glass-effect-no elementor-widget elementor-widget-text-editor\" data-id=\"fe3137c\" data-element_type=\"widget\" data-e-type=\"widget\" data-widget_type=\"text-editor.default\">\n\t\t\t\t<div class=\"elementor-widget-container\">\n\t\t\t\t\t\t\t\t\t<p style=\"text-align: center;\"><a href=\"tel:+358444910844\">044 491 0844<\/a><br \/><a href=\"mailto:jami.tihinen@anfra.fi\">jami.tihinen@anfra.fi<\/a><\/p>\t\t\t\t\t\t\t\t<\/div>\n\t\t\t\t<\/div>\n\t\t\t\t\t<\/div>\n\t\t<\/div>\n\t\t\t\t<div class=\"elementor-column elementor-col-33 elementor-inner-column elementor-element elementor-element-57b7480 jltma-glass-effect-no\" data-id=\"57b7480\" data-element_type=\"column\" data-e-type=\"column\" data-settings=\"{&quot;background_background&quot;:&quot;classic&quot;}\">\n\t\t\t<div class=\"elementor-widget-wrap elementor-element-populated\">\n\t\t\t\t\t\t<div class=\"elementor-element elementor-element-0fb5c70 jltma-glass-effect-no elementor-widget elementor-widget-heading\" data-id=\"0fb5c70\" data-element_type=\"widget\" data-e-type=\"widget\" data-widget_type=\"heading.default\">\n\t\t\t\t<div class=\"elementor-widget-container\">\n\t\t\t\t\t<h2 class=\"elementor-heading-title elementor-size-default\">Projektimyynti<\/h2>\t\t\t\t<\/div>\n\t\t\t\t<\/div>\n\t\t\t\t<div class=\"elementor-element elementor-element-794d5c4 jltma-glass-effect-no elementor-widget elementor-widget-heading\" data-id=\"794d5c4\" data-element_type=\"widget\" data-e-type=\"widget\" data-widget_type=\"heading.default\">\n\t\t\t\t<div class=\"elementor-widget-container\">\n\t\t\t\t\t<h2 class=\"elementor-heading-title elementor-size-default\">Sarita Karjalainen<\/h2>\t\t\t\t<\/div>\n\t\t\t\t<\/div>\n\t\t\t\t<div class=\"elementor-element elementor-element-261506a jltma-glass-effect-no elementor-widget elementor-widget-text-editor\" data-id=\"261506a\" data-element_type=\"widget\" data-e-type=\"widget\" data-widget_type=\"text-editor.default\">\n\t\t\t\t<div class=\"elementor-widget-container\">\n\t\t\t\t\t\t\t\t\t<p style=\"text-align: center;\"><a href=\"tel:+35844 757 0006\">044 757 0006<\/a><br \/><a href=\"mailto:sarita.karjalainen@anfra.fi\">sarita.karjalainen@anfra.fi<\/a><\/p>\t\t\t\t\t\t\t\t<\/div>\n\t\t\t\t<\/div>\n\t\t\t\t\t<\/div>\n\t\t<\/div>\n\t\t\t\t\t<\/div>\n\t\t<\/section>\n\t\t\t\t<div class=\"elementor-element elementor-element-0562eda elementor-align-center jltma-glass-effect-no elementor-widget elementor-widget-button\" data-id=\"0562eda\" data-element_type=\"widget\" data-e-type=\"widget\" data-settings=\"{&quot;_animation&quot;:&quot;none&quot;}\" data-widget_type=\"button.default\">\n\t\t\t\t<div class=\"elementor-widget-container\">\n\t\t\t\t\t\t\t\t\t<div class=\"elementor-button-wrapper\">\n\t\t\t\t\t<a class=\"elementor-button elementor-button-link elementor-size-sm elementor-animation-shrink\" href=\"https:\/\/anfra-aidat.fi\/\" target=\"_blank\">\n\t\t\t\t\t\t<span class=\"elementor-button-content-wrapper\">\n\t\t\t\t\t\t\t\t\t<span class=\"elementor-button-text\">Anfra-aitojen sivulle<\/span>\n\t\t\t\t\t<\/span>\n\t\t\t\t\t<\/a>\n\t\t\t\t<\/div>\n\t\t\t\t\t\t\t\t<\/div>\n\t\t\t\t<\/div>\n\t\t\t\t\t<\/div>\n\t\t<\/div>\n\t\t\t\t\t<\/div>\n\t\t<\/section>\n\t\t\t\t<\/div>\n\t\t","protected":false},"excerpt":{"rendered":"<p>Aidat ja portit A-luokan aluesuojausta Meill\u00e4 on aputoiminimi Anfra-Aidat, joka keskittyy aitojen ja porttien tuotantoon sek\u00e4 myyntiin. Anfra-Aidoilta saat yksil\u00f6lliset aluesuojausratkaisut yhdell\u00e4 sopimuksella. Tarjoamme kokonaisvaltaisen paketin asiakkaan tarpeiden mukaan, aina maat\u00f6ist\u00e4 portin s\u00e4hk\u00f6istykseen saakka. Anfra-Aitojen sivulle \u203a Anfra-aidat Liiketoimintap\u00e4\u00e4llikk\u00f6 Aki Puoskari 044 290 7861aki.puoskari@anfra.fi Projektimyynti Jami Tihinen 044 491 0844jami.tihinen@anfra.fi Projektimyynti Sarita Karjalainen 044 757 [&hellip;]<\/p>\n","protected":false},"author":10,"featured_media":8523,"parent":0,"menu_order":0,"comment_status":"closed","ping_status":"closed","template":"elementor_header_footer","meta":{"_acf_changed":false,"inline_featured_image":false,"footnotes":""},"class_list":["post-8908","page","type-page","status-publish","has-post-thumbnail","hentry"],"acf":[],"yoast_head":"<!-- This site is optimized with the Yoast SEO plugin v27.4 - https:\/\/yoast.com\/product\/yoast-seo-wordpress\/ -->\n<title>Aidat ja portit - A-luokan aluesuojausta - Anfra-Aidat<\/title>\n<meta name=\"description\" content=\"Panssariverkkoaidat ja portit huoltoineen yhdell\u00e4 sopimuksella.\" \/>\n<meta name=\"robots\" content=\"index, follow, max-snippet:-1, max-image-preview:large, max-video-preview:-1\" \/>\n<link rel=\"canonical\" href=\"https:\/\/anfra.fi\/fi\/aidat-ja-portit\/\" \/>\n<meta property=\"og:locale\" content=\"fi_FI\" \/>\n<meta property=\"og:type\" content=\"article\" \/>\n<meta property=\"og:title\" content=\"Aidat ja portit - A-luokan aluesuojausta - Anfra-Aidat\" \/>\n<meta property=\"og:description\" content=\"Panssariverkkoaidat ja portit huoltoineen yhdell\u00e4 sopimuksella.\" \/>\n<meta property=\"og:url\" content=\"https:\/\/anfra.fi\/fi\/aidat-ja-portit\/\" \/>\n<meta property=\"og:site_name\" content=\"Anfra\" \/>\n<meta property=\"article:publisher\" content=\"https:\/\/www.facebook.com\/anfraoy\/\" \/>\n<meta property=\"article:modified_time\" content=\"2025-08-11T09:40:31+00:00\" \/>\n<meta property=\"og:image\" content=\"https:\/\/anfra.fi\/wp-content\/uploads\/2023\/09\/IMG_1774-Medium.jpg\" \/>\n\t<meta property=\"og:image:width\" content=\"1152\" \/>\n\t<meta property=\"og:image:height\" content=\"768\" \/>\n\t<meta property=\"og:image:type\" content=\"image\/jpeg\" \/>\n<meta name=\"twitter:card\" content=\"summary_large_image\" \/>\n<meta name=\"twitter:label1\" content=\"Arvioitu lukuaika\" \/>\n\t<meta name=\"twitter:data1\" content=\"5 minuuttia\" \/>\n<script type=\"application\/ld+json\" class=\"yoast-schema-graph\">{\"@context\":\"https:\\\/\\\/schema.org\",\"@graph\":[{\"@type\":\"WebPage\",\"@id\":\"https:\\\/\\\/anfra.fi\\\/aidat-ja-portit\\\/\",\"url\":\"https:\\\/\\\/anfra.fi\\\/aidat-ja-portit\\\/\",\"name\":\"Aidat ja portit - A-luokan aluesuojausta - Anfra-Aidat\",\"isPartOf\":{\"@id\":\"https:\\\/\\\/anfra.fi\\\/#website\"},\"primaryImageOfPage\":{\"@id\":\"https:\\\/\\\/anfra.fi\\\/aidat-ja-portit\\\/#primaryimage\"},\"image\":{\"@id\":\"https:\\\/\\\/anfra.fi\\\/aidat-ja-portit\\\/#primaryimage\"},\"thumbnailUrl\":\"https:\\\/\\\/anfra.fi\\\/wp-content\\\/uploads\\\/2023\\\/09\\\/IMG_1774-Medium.jpg\",\"datePublished\":\"2023-10-18T08:44:46+00:00\",\"dateModified\":\"2025-08-11T09:40:31+00:00\",\"description\":\"Panssariverkkoaidat ja portit huoltoineen yhdell\u00e4 sopimuksella.\",\"breadcrumb\":{\"@id\":\"https:\\\/\\\/anfra.fi\\\/aidat-ja-portit\\\/#breadcrumb\"},\"inLanguage\":\"fi\",\"potentialAction\":[{\"@type\":\"ReadAction\",\"target\":[\"https:\\\/\\\/anfra.fi\\\/aidat-ja-portit\\\/\"]}]},{\"@type\":\"ImageObject\",\"inLanguage\":\"fi\",\"@id\":\"https:\\\/\\\/anfra.fi\\\/aidat-ja-portit\\\/#primaryimage\",\"url\":\"https:\\\/\\\/anfra.fi\\\/wp-content\\\/uploads\\\/2023\\\/09\\\/IMG_1774-Medium.jpg\",\"contentUrl\":\"https:\\\/\\\/anfra.fi\\\/wp-content\\\/uploads\\\/2023\\\/09\\\/IMG_1774-Medium.jpg\",\"width\":1152,\"height\":768},{\"@type\":\"BreadcrumbList\",\"@id\":\"https:\\\/\\\/anfra.fi\\\/aidat-ja-portit\\\/#breadcrumb\",\"itemListElement\":[{\"@type\":\"ListItem\",\"position\":1,\"name\":\"Home\",\"item\":\"https:\\\/\\\/anfra.fi\\\/\"},{\"@type\":\"ListItem\",\"position\":2,\"name\":\"Aidat ja portit\"}]},{\"@type\":\"WebSite\",\"@id\":\"https:\\\/\\\/anfra.fi\\\/#website\",\"url\":\"https:\\\/\\\/anfra.fi\\\/\",\"name\":\"Anfra Oy\",\"description\":\"Kest&auml;v&auml;n tekij&auml;\",\"publisher\":{\"@id\":\"https:\\\/\\\/anfra.fi\\\/#organization\"},\"alternateName\":\"Anfra\",\"potentialAction\":[{\"@type\":\"SearchAction\",\"target\":{\"@type\":\"EntryPoint\",\"urlTemplate\":\"https:\\\/\\\/anfra.fi\\\/?s={search_term_string}\"},\"query-input\":{\"@type\":\"PropertyValueSpecification\",\"valueRequired\":true,\"valueName\":\"search_term_string\"}}],\"inLanguage\":\"fi\"},{\"@type\":\"Organization\",\"@id\":\"https:\\\/\\\/anfra.fi\\\/#organization\",\"name\":\"Anfra Oy\",\"alternateName\":\"Anfra\",\"url\":\"https:\\\/\\\/anfra.fi\\\/\",\"logo\":{\"@type\":\"ImageObject\",\"inLanguage\":\"fi\",\"@id\":\"https:\\\/\\\/anfra.fi\\\/#\\\/schema\\\/logo\\\/image\\\/\",\"url\":\"https:\\\/\\\/anfra.fi\\\/wp-content\\\/uploads\\\/2024\\\/06\\\/a.jpg\",\"contentUrl\":\"https:\\\/\\\/anfra.fi\\\/wp-content\\\/uploads\\\/2024\\\/06\\\/a.jpg\",\"width\":1920,\"height\":1080,\"caption\":\"Anfra Oy\"},\"image\":{\"@id\":\"https:\\\/\\\/anfra.fi\\\/#\\\/schema\\\/logo\\\/image\\\/\"},\"sameAs\":[\"https:\\\/\\\/www.facebook.com\\\/anfraoy\\\/\",\"https:\\\/\\\/www.instagram.com\\\/anfra_oy\\\/\",\"https:\\\/\\\/www.linkedin.com\\\/company\\\/anfra-oy\",\"https:\\\/\\\/www.tiktok.com\\\/@anfra_oy\"]}]}<\/script>\n<!-- \/ Yoast SEO plugin. -->","yoast_head_json":{"title":"Aidat ja portit - A-luokan aluesuojausta - Anfra-Aidat","description":"Panssariverkkoaidat ja portit huoltoineen yhdell\u00e4 sopimuksella.","robots":{"index":"index","follow":"follow","max-snippet":"max-snippet:-1","max-image-preview":"max-image-preview:large","max-video-preview":"max-video-preview:-1"},"canonical":"https:\/\/anfra.fi\/fi\/aidat-ja-portit\/","og_locale":"fi_FI","og_type":"article","og_title":"Aidat ja portit - A-luokan aluesuojausta - Anfra-Aidat","og_description":"Panssariverkkoaidat ja portit huoltoineen yhdell\u00e4 sopimuksella.","og_url":"https:\/\/anfra.fi\/fi\/aidat-ja-portit\/","og_site_name":"Anfra","article_publisher":"https:\/\/www.facebook.com\/anfraoy\/","article_modified_time":"2025-08-11T09:40:31+00:00","og_image":[{"width":1152,"height":768,"url":"https:\/\/anfra.fi\/wp-content\/uploads\/2023\/09\/IMG_1774-Medium.jpg","type":"image\/jpeg"}],"twitter_card":"summary_large_image","twitter_misc":{"Arvioitu lukuaika":"5 minuuttia"},"schema":{"@context":"https:\/\/schema.org","@graph":[{"@type":"WebPage","@id":"https:\/\/anfra.fi\/aidat-ja-portit\/","url":"https:\/\/anfra.fi\/aidat-ja-portit\/","name":"Aidat ja portit - A-luokan aluesuojausta - Anfra-Aidat","isPartOf":{"@id":"https:\/\/anfra.fi\/#website"},"primaryImageOfPage":{"@id":"https:\/\/anfra.fi\/aidat-ja-portit\/#primaryimage"},"image":{"@id":"https:\/\/anfra.fi\/aidat-ja-portit\/#primaryimage"},"thumbnailUrl":"https:\/\/anfra.fi\/wp-content\/uploads\/2023\/09\/IMG_1774-Medium.jpg","datePublished":"2023-10-18T08:44:46+00:00","dateModified":"2025-08-11T09:40:31+00:00","description":"Panssariverkkoaidat ja portit huoltoineen yhdell\u00e4 sopimuksella.","breadcrumb":{"@id":"https:\/\/anfra.fi\/aidat-ja-portit\/#breadcrumb"},"inLanguage":"fi","potentialAction":[{"@type":"ReadAction","target":["https:\/\/anfra.fi\/aidat-ja-portit\/"]}]},{"@type":"ImageObject","inLanguage":"fi","@id":"https:\/\/anfra.fi\/aidat-ja-portit\/#primaryimage","url":"https:\/\/anfra.fi\/wp-content\/uploads\/2023\/09\/IMG_1774-Medium.jpg","contentUrl":"https:\/\/anfra.fi\/wp-content\/uploads\/2023\/09\/IMG_1774-Medium.jpg","width":1152,"height":768},{"@type":"BreadcrumbList","@id":"https:\/\/anfra.fi\/aidat-ja-portit\/#breadcrumb","itemListElement":[{"@type":"ListItem","position":1,"name":"Home","item":"https:\/\/anfra.fi\/"},{"@type":"ListItem","position":2,"name":"Aidat ja portit"}]},{"@type":"WebSite","@id":"https:\/\/anfra.fi\/#website","url":"https:\/\/anfra.fi\/","name":"Anfra Oy","description":"Kest&auml;v&auml;n tekij&auml;","publisher":{"@id":"https:\/\/anfra.fi\/#organization"},"alternateName":"Anfra","potentialAction":[{"@type":"SearchAction","target":{"@type":"EntryPoint","urlTemplate":"https:\/\/anfra.fi\/?s={search_term_string}"},"query-input":{"@type":"PropertyValueSpecification","valueRequired":true,"valueName":"search_term_string"}}],"inLanguage":"fi"},{"@type":"Organization","@id":"https:\/\/anfra.fi\/#organization","name":"Anfra Oy","alternateName":"Anfra","url":"https:\/\/anfra.fi\/","logo":{"@type":"ImageObject","inLanguage":"fi","@id":"https:\/\/anfra.fi\/#\/schema\/logo\/image\/","url":"https:\/\/anfra.fi\/wp-content\/uploads\/2024\/06\/a.jpg","contentUrl":"https:\/\/anfra.fi\/wp-content\/uploads\/2024\/06\/a.jpg","width":1920,"height":1080,"caption":"Anfra Oy"},"image":{"@id":"https:\/\/anfra.fi\/#\/schema\/logo\/image\/"},"sameAs":["https:\/\/www.facebook.com\/anfraoy\/","https:\/\/www.instagram.com\/anfra_oy\/","https:\/\/www.linkedin.com\/company\/anfra-oy","https:\/\/www.tiktok.com\/@anfra_oy"]}]}},"_links":{"self":[{"href":"https:\/\/anfra.fi\/fi\/wp-json\/wp\/v2\/pages\/8908","targetHints":{"allow":["GET"]}}],"collection":[{"href":"https:\/\/anfra.fi\/fi\/wp-json\/wp\/v2\/pages"}],"about":[{"href":"https:\/\/anfra.fi\/fi\/wp-json\/wp\/v2\/types\/page"}],"author":[{"embeddable":true,"href":"https:\/\/anfra.fi\/fi\/wp-json\/wp\/v2\/users\/10"}],"replies":[{"embeddable":true,"href":"https:\/\/anfra.fi\/fi\/wp-json\/wp\/v2\/comments?post=8908"}],"version-history":[{"count":57,"href":"https:\/\/anfra.fi\/fi\/wp-json\/wp\/v2\/pages\/8908\/revisions"}],"predecessor-version":[{"id":12830,"href":"https:\/\/anfra.fi\/fi\/wp-json\/wp\/v2\/pages\/8908\/revisions\/12830"}],"wp:featuredmedia":[{"embeddable":true,"href":"https:\/\/anfra.fi\/fi\/wp-json\/wp\/v2\/media\/8523"}],"wp:attachment":[{"href":"https:\/\/anfra.fi\/fi\/wp-json\/wp\/v2\/media?parent=8908"}],"curies":[{"name":"wp","href":"https:\/\/api.w.org\/{rel}","templated":true}]}}